{"id":17,"date":"2020-04-16T15:36:22","date_gmt":"2020-04-16T13:36:22","guid":{"rendered":"https:\/\/www.tma35.fr\/aquilohm\/?page_id=17"},"modified":"2026-02-11T23:26:18","modified_gmt":"2026-02-11T22:26:18","slug":"accueil","status":"publish","type":"page","link":"https:\/\/www.tma35.fr\/aquilohm\/","title":{"rendered":"Accueil"},"content":{"rendered":"\n<p class=\"has-text-align-center\"><br>Aquilohm, fabrique des radiateurs innovants, recyclables et respectueux de l&rsquo;environnement avec un co\u00fbt de fonctionnement, parmi les plus \u00e9conomiques du march\u00e9.<br>Allier le design, l&rsquo;\u00e9cologie et la technologie font partie de nos convictions.<br>Enti\u00e8rement d\u00e9velopp\u00e9 et fabriqu\u00e9 en France, le premier radiateur fonctionnant avec une peinture semi-conductrice, non toxique, \u00e0 base d&rsquo;eau et aliment\u00e9 en basse tension est n\u00e9.<\/p>\n\n\n\n<p><\/p>\n","protected":false},"excerpt":{"rendered":"<p>Aquilohm, fabrique des radiateurs innovants, recyclables et respectueux de l&rsquo;environnement avec un co\u00fbt de fonctionnement, parmi les plus \u00e9conomiques du march\u00e9.Allier le design, l&rsquo;\u00e9cologie et la technologie font partie de nos convictions.Enti\u00e8rement d\u00e9velopp\u00e9 et fabriqu\u00e9 en France, le premier radiateur fonctionnant avec une peinture semi-conductrice, non toxique, \u00e0 base d&rsquo;eau et aliment\u00e9 en basse tension &hellip; <\/p>\n<p class=\"link-more\"><a href=\"https:\/\/www.tma35.fr\/aquilohm\/\" class=\"more-link\">Continuer la lecture<span class=\"screen-reader-text\"> de &laquo;&nbsp;Accueil&nbsp;&raquo;<\/span><\/a><\/p>\n","protected":false},"author":1,"featured_media":0,"parent":0,"menu_order":0,"comment_status":"closed","ping_status":"closed","template":"","meta":{"_uf_show_specific_survey":0,"_uf_disable_surveys":false,"footnotes":""},"class_list":["post-17","page","type-page","status-publish","hentry"],"aioseo_notices":[],"jetpack_sharing_enabled":true,"_links":{"self":[{"href":"https:\/\/www.tma35.fr\/aquilohm\/wp-json\/wp\/v2\/pages\/17","targetHints":{"allow":["GET"]}}],"collection":[{"href":"https:\/\/www.tma35.fr\/aquilohm\/wp-json\/wp\/v2\/pages"}],"about":[{"href":"https:\/\/www.tma35.fr\/aquilohm\/wp-json\/wp\/v2\/types\/page"}],"author":[{"embeddable":true,"href":"https:\/\/www.tma35.fr\/aquilohm\/wp-json\/wp\/v2\/users\/1"}],"replies":[{"embeddable":true,"href":"https:\/\/www.tma35.fr\/aquilohm\/wp-json\/wp\/v2\/comments?post=17"}],"version-history":[{"count":30,"href":"https:\/\/www.tma35.fr\/aquilohm\/wp-json\/wp\/v2\/pages\/17\/revisions"}],"predecessor-version":[{"id":1379,"href":"https:\/\/www.tma35.fr\/aquilohm\/wp-json\/wp\/v2\/pages\/17\/revisions\/1379"}],"wp:attachment":[{"href":"https:\/\/www.tma35.fr\/aquilohm\/wp-json\/wp\/v2\/media?parent=17"}],"curies":[{"name":"wp","href":"https:\/\/api.w.org\/{rel}","templated":true}]}}